{"id":636,"date":"2023-11-15T16:33:17","date_gmt":"2023-11-15T16:33:17","guid":{"rendered":"http:\/\/cleenhearts-demo.local\/?page_id=636"},"modified":"2026-03-14T03:51:16","modified_gmt":"2026-03-14T03:51:16","slug":"mas-alla-del-espejo","status":"publish","type":"page","link":"https:\/\/labellezanosune.org\/en\/mas-alla-del-espejo\/","title":{"rendered":"Beyond the Mirror"},"content":{"rendered":"<div data-elementor-type=\"wp-page\" data-elementor-id=\"636\" class=\"elementor elementor-636\">\n\t\t\t\t<div class=\"elementor-element elementor-element-ea3d96f event-details e-flex e-con-boxed e-con e-parent\" data-id=\"ea3d96f\" data-element_type=\"container\" data-e-type=\"container\">\n\t\t\t\t\t<div class=\"e-con-inner\">\n\t\t<div class=\"elementor-element elementor-element-3f966bb e-con-full e-flex e-con e-child\" data-id=\"3f966bb\" data-element_type=\"container\" data-e-type=\"container\">\n\t\t\t\t<div class=\"elementor-element elementor-element-4cfe872 elementor-widget elementor-widget-cleenhearts-event-img\" data-id=\"4cfe872\" data-element_type=\"widget\" data-e-type=\"widget\" data-widget_type=\"cleenhearts-event-img.default\">\n\t\t\t\t<div class=\"elementor-widget-container\">\n\t\t\t\t\t    <!-- Event Image One End -->\r\n    <div class=\"event-details__image wow fadeInUp\" data-wow-duration=\"1500ms\" data-wow-delay=\"00ms\">\r\n        <img decoding=\"async\" src=\"https:\/\/labellezanosune.org\/wp-content\/uploads\/2024\/10\/pixnroses-78-scaled.jpg\" alt=\"pixnroses-78\" title=\"pixnroses-78\" >\r\n        <div class=\"event-details__hall\">\r\n            <span>Phoenix,<\/span> <span>AZ<\/span>        <\/div><!-- \/.event-details__hall -->\r\n\r\n        <div class=\"event-details__date\">\r\n            <span>15<\/span><span>Mar<\/span>        <\/div><!-- \/.event-details__date -->\r\n\r\n    <\/div><!-- \/.event-details__image -->\r\n    <!-- Event Image One End -->\r\n\t\t\t\t<\/div>\n\t\t\t\t<\/div>\n\t\t\t\t<div class=\"elementor-element elementor-element-04dd68d elementor-widget elementor-widget-text-editor\" data-id=\"04dd68d\" data-element_type=\"widget\" data-e-type=\"widget\" data-widget_type=\"text-editor.default\">\n\t\t\t\t<div class=\"elementor-widget-container\">\n\t\t\t\t\t\t\t\t\t<div class=\"event-details__time\"><i class=\"event-details__time__icon fa fa-clock\"><\/i><br \/><span style=\"font-weight: 400;\">4:00 PM &#8211; 9:00 PM<\/span><\/div>\t\t\t\t\t\t\t\t<\/div>\n\t\t\t\t<\/div>\n\t\t\t\t<div class=\"elementor-element elementor-element-c529cbb elementor-widget elementor-widget-text-editor\" data-id=\"c529cbb\" data-element_type=\"widget\" data-e-type=\"widget\" data-widget_type=\"text-editor.default\">\n\t\t\t\t<div class=\"elementor-widget-container\">\n\t\t\t\t\t\t\t\t\t<h2><b>Beyond the Mirror<\/b><\/h2>\t\t\t\t\t\t\t\t<\/div>\n\t\t\t\t<\/div>\n\t\t\t\t<div class=\"elementor-element elementor-element-94455ff elementor-widget elementor-widget-text-editor\" data-id=\"94455ff\" data-element_type=\"widget\" data-e-type=\"widget\" data-widget_type=\"text-editor.default\">\n\t\t\t\t<div class=\"elementor-widget-container\">\n\t\t\t\t\t\t\t\t\t<p><span style=\"font-weight: 400;\">A transformational event that celebrates the evolution of women through self-love while supporting our educational programs.<\/span><\/p><p><b>Includes:<\/b><\/p><ul><li style=\"font-weight: 400;\" aria-level=\"1\"><span style=\"font-weight: 400;\">Guest speaker and educational panel\u00a0<\/span><\/li><li style=\"font-weight: 400;\" aria-level=\"1\"><span style=\"font-weight: 400;\">Inspirational runway featuring women from our transformational educational programs<\/span><\/li><li style=\"font-weight: 400;\" aria-level=\"1\"><span style=\"font-weight: 400;\">Real stories of transformation from women who have moved from being victims to becoming empowered and independent\u00a0<\/span><\/li><li style=\"font-weight: 400;\" aria-level=\"1\"><span style=\"font-weight: 400;\">Sponsorship opportunities<\/span><\/li><li style=\"font-weight: 400;\" aria-level=\"1\">A chance to connect with our community<\/li><\/ul>\t\t\t\t\t\t\t\t<\/div>\n\t\t\t\t<\/div>\n\t\t<div class=\"elementor-element elementor-element-c6e7217 e-con-full e-flex e-con e-child\" data-id=\"c6e7217\" data-element_type=\"container\" data-e-type=\"container\">\n\t\t<div class=\"elementor-element elementor-element-d0a4eed e-flex e-con-boxed e-con e-child\" data-id=\"d0a4eed\" data-element_type=\"container\" data-e-type=\"container\">\n\t\t\t\t\t<div class=\"e-con-inner\">\n\t\t\t\t<div class=\"elementor-element elementor-element-7063e36 elementor-widget elementor-widget-image\" data-id=\"7063e36\" data-element_type=\"widget\" data-e-type=\"widget\" data-widget_type=\"image.default\">\n\t\t\t\t<div class=\"elementor-widget-container\">\n\t\t\t\t\t\t\t\t\t\t\t\t\t\t\t<img fetchpriority=\"high\" decoding=\"async\" width=\"640\" height=\"640\" src=\"https:\/\/labellezanosune.org\/wp-content\/uploads\/2024\/10\/Instagram-post-2-6-1024x1024.jpg\" class=\"attachment-large size-large wp-image-5822\" alt=\"\" srcset=\"https:\/\/labellezanosune.org\/wp-content\/uploads\/2024\/10\/Instagram-post-2-6-1024x1024.jpg 1024w, https:\/\/labellezanosune.org\/wp-content\/uploads\/2024\/10\/Instagram-post-2-6-300x300.jpg 300w, https:\/\/labellezanosune.org\/wp-content\/uploads\/2024\/10\/Instagram-post-2-6-150x150.jpg 150w, https:\/\/labellezanosune.org\/wp-content\/uploads\/2024\/10\/Instagram-post-2-6-768x768.jpg 768w, https:\/\/labellezanosune.org\/wp-content\/uploads\/2024\/10\/Instagram-post-2-6-70x70.jpg 70w, https:\/\/labellezanosune.org\/wp-content\/uploads\/2024\/10\/Instagram-post-2-6.jpg 1080w\" sizes=\"(max-width: 640px) 100vw, 640px\" \/>\t\t\t\t\t\t\t\t\t\t\t\t\t\t\t<\/div>\n\t\t\t\t<\/div>\n\t\t\t\t\t<\/div>\n\t\t\t\t<\/div>\n\t\t<div class=\"elementor-element elementor-element-7b5a24c e-con-full e-flex e-con e-child\" data-id=\"7b5a24c\" data-element_type=\"container\" data-e-type=\"container\">\n\t\t\t\t<div class=\"elementor-element elementor-element-16b5feb elementor-widget elementor-widget-image\" data-id=\"16b5feb\" data-element_type=\"widget\" data-e-type=\"widget\" data-widget_type=\"image.default\">\n\t\t\t\t<div class=\"elementor-widget-container\">\n\t\t\t\t\t\t\t\t\t\t\t\t\t\t\t<img decoding=\"async\" width=\"640\" height=\"640\" src=\"https:\/\/labellezanosune.org\/wp-content\/uploads\/2024\/10\/Instagram-post-2-5-1024x1024.jpg\" class=\"attachment-large size-large wp-image-5821\" alt=\"\" srcset=\"https:\/\/labellezanosune.org\/wp-content\/uploads\/2024\/10\/Instagram-post-2-5-1024x1024.jpg 1024w, https:\/\/labellezanosune.org\/wp-content\/uploads\/2024\/10\/Instagram-post-2-5-300x300.jpg 300w, https:\/\/labellezanosune.org\/wp-content\/uploads\/2024\/10\/Instagram-post-2-5-150x150.jpg 150w, https:\/\/labellezanosune.org\/wp-content\/uploads\/2024\/10\/Instagram-post-2-5-768x768.jpg 768w, https:\/\/labellezanosune.org\/wp-content\/uploads\/2024\/10\/Instagram-post-2-5-70x70.jpg 70w, https:\/\/labellezanosune.org\/wp-content\/uploads\/2024\/10\/Instagram-post-2-5.jpg 1080w\" sizes=\"(max-width: 640px) 100vw, 640px\" \/>\t\t\t\t\t\t\t\t\t\t\t\t\t\t\t<\/div>\n\t\t\t\t<\/div>\n\t\t\t\t<\/div>\n\t\t\t\t<\/div>\n\t\t\t\t<div class=\"elementor-element elementor-element-b818496 elementor-widget elementor-widget-cleenhearts-quick-contact\" data-id=\"b818496\" data-element_type=\"widget\" data-e-type=\"widget\" data-widget_type=\"cleenhearts-quick-contact.default\">\n\t\t\t\t<div class=\"elementor-widget-container\">\n\t\t\t\t\t    <div class=\"event-details__contact contact-information\">\r\n                    <a href=\"https:\/\/www.zeffy.com\/en-US\/ticketing\/2025-pasarela-mas-alla-del-espejo\" class=\"contact-information__btn cleenhearts-btn\">\r\n                <div class=\"cleenhearts-btn__icon-box\">\r\n                    <div class=\"cleenhearts-btn__icon-box__inner\">\r\n                        <span aria-hidden=\"true\" class=\"icon-duble-arrow\"><\/span>                    <\/div>\r\n                <\/div>\r\n                <span class=\"cleenhearts-btn__text\">Compra tu boleto<\/span>\r\n            <\/a><!-- \/.contact-information__btn -->\r\n                            <div class=\"contact-information__phone\">\r\n                <div class=\"contact-information__phone__icon\">\r\n                    <span aria-hidden=\"true\" class=\"icon-email\"><\/span>                <\/div>\r\n                <div class=\"contact-information__phone__text\">\r\n                    <span>Contact Us<\/span>\r\n                    <h5><a>contacto@labellezanosune.org<\/a><\/h5>\r\n                <\/div><!-- \/.contact-information__phone__text -->\r\n            <\/div><!-- \/.contact-information__phone__icon -->\r\n            <\/div><!-- \/.event-details__contact contact-information__phone -->\r\n\t\t\t\t<\/div>\n\t\t\t\t<\/div>\n\t\t\t\t<div class=\"elementor-element elementor-element-ad8a222 elementor-hidden-desktop elementor-hidden-tablet elementor-hidden-mobile elementor-widget elementor-widget-cleenhearts-event-speaker\" data-id=\"ad8a222\" data-element_type=\"widget\" data-e-type=\"widget\" data-widget_type=\"cleenhearts-event-speaker.default\">\n\t\t\t\t<div class=\"elementor-widget-container\">\n\t\t\t\t\t    <!-- Event Speaker Start -->\r\n    <div class=\"event-details__speaker\">\r\n        <h3 class=\"event-details__speaker__title event-details__title\">event speaker\u2019s<\/h3>                    <div class=\"event-details__speaker__info wow fadeInUp\" data-wow-duration=\"1500ms\" data-wow-delay=\"00ms\">\r\n                <div class=\"event-details__speaker__image\">\r\n                    <img decoding=\"async\" src=\"https:\/\/labellezanosune.org\/wp-content\/uploads\/2023\/11\/event-speaker-1-1.png\" alt=\"event-speaker-1-1\" title=\"event-speaker-1-1\" >                <\/div><!-- \/.event-details__speaker__image -->\r\n                <div class=\"event-details__speaker__content\">\r\n                    <div class=\"event-details__speaker__content__inner\">\r\n                        <div class=\"event-details__speaker__indentity\">\r\n                            <h4 class=\"event-details__speaker__name\">\r\n                                Alyssa P. Scribner                            <\/h4><!-- \/.event-details__speaker__name -->\r\n                            <p class=\"event-details__speaker__designation\"> Hinkle Deegan<\/p><!-- \/.event-details__speaker__designation -->\r\n                        <\/div><!-- \/.event-details__speaker__indentity -->\r\n                        <div class=\"event-details__speaker__social social-link\">\r\n                            <a href=\"https:\/\/facebook.com\">\n    <i class=\"fab fa-facebook-f\"><\/i> \n    <span class=\"sr-only\">Facebook<\/span>\n<\/a>\n<a href=\"https:\/\/twitter.com\"><i class=\"fab fa-twitter\"><\/i><span class=\"sr-only\">Twitter<\/span>\n<\/a> \n<a href=\"https:\/\/linkedin.com\">\n    <i class=\"fab fa-linkedin-in\"><\/i> \n    <span class=\"sr-only\">Linkedin<\/span> \n<\/a> \n<a href=\"https:\/\/youtube.com\">\n    <i class=\"fab fa-youtube\"><\/i> <span class=\"sr-only\">Youtube<\/span> \n<\/a>                        <\/div><!-- \/.event-details__speaker__social social-link -->\r\n                    <\/div><!-- \/.event-details__speaker__content__inner -->\r\n                    <div class=\"event-details__speaker__text\">\r\n                        <p> Neque porro est qui dolorem ipsum quia quaed inventor veritatis et quasi architecto beatae vitae dicta sunt explicabo. Aelltes port lacus quis enim<\/p>\r\n                    <\/div><!-- \/.event-details__speaker__text -->\r\n                <\/div><!-- \/.event-details__speaker__content -->\r\n            <\/div><!-- \/.event-details__speaker__info -->\r\n                    <div class=\"event-details__speaker__info wow fadeInUp\" data-wow-duration=\"1500ms\" data-wow-delay=\"00ms\">\r\n                <div class=\"event-details__speaker__image\">\r\n                    <img decoding=\"async\" src=\"https:\/\/labellezanosune.org\/wp-content\/uploads\/2023\/11\/event-speaker-1-2.png\" alt=\"event-speaker-1-2\" title=\"event-speaker-1-2\" >                <\/div><!-- \/.event-details__speaker__image -->\r\n                <div class=\"event-details__speaker__content\">\r\n                    <div class=\"event-details__speaker__content__inner\">\r\n                        <div class=\"event-details__speaker__indentity\">\r\n                            <h4 class=\"event-details__speaker__name\">\r\n                                Velma P. Hawking                            <\/h4><!-- \/.event-details__speaker__name -->\r\n                            <p class=\"event-details__speaker__designation\"> Social Media Manager<\/p><!-- \/.event-details__speaker__designation -->\r\n                        <\/div><!-- \/.event-details__speaker__indentity -->\r\n                        <div class=\"event-details__speaker__social social-link\">\r\n                            <a href=\"https:\/\/facebook.com\">\n    <i class=\"fab fa-facebook-f\"><\/i> \n    <span class=\"sr-only\">Facebook<\/span>\n<\/a>\n<a href=\"https:\/\/twitter.com\"><i class=\"fab fa-twitter\"><\/i><span class=\"sr-only\">Twitter<\/span>\n<\/a> \n<a href=\"https:\/\/linkedin.com\">\n    <i class=\"fab fa-linkedin-in\"><\/i> \n    <span class=\"sr-only\">Linkedin<\/span> \n<\/a> \n<a href=\"https:\/\/youtube.com\">\n    <i class=\"fab fa-youtube\"><\/i> <span class=\"sr-only\">Youtube<\/span> \n<\/a>                        <\/div><!-- \/.event-details__speaker__social social-link -->\r\n                    <\/div><!-- \/.event-details__speaker__content__inner -->\r\n                    <div class=\"event-details__speaker__text\">\r\n                        <p> Neque porro est qui dolorem ipsum quia quaed inventor veritatis et quasi architecto beatae vitae dicta sunt explicabo. Aelltes port lacus quis enim<\/p>\r\n                    <\/div><!-- \/.event-details__speaker__text -->\r\n                <\/div><!-- \/.event-details__speaker__content -->\r\n            <\/div><!-- \/.event-details__speaker__info -->\r\n            <\/div><!-- \/.event-details__speaker -->\r\n    <!-- Event One End -->\r\n\r\n\t\t\t\t<\/div>\n\t\t\t\t<\/div>\n\t\t\t\t<\/div>\n\t\t<div class=\"elementor-element elementor-element-0298e7a e-con-full sidebar-event e-flex e-con e-child\" data-id=\"0298e7a\" data-element_type=\"container\" data-e-type=\"container\">\n\t\t\t\t<div class=\"elementor-element elementor-element-8bbd218 elementor-widget elementor-widget-cleenhearts-event-contact\" data-id=\"8bbd218\" data-element_type=\"widget\" data-e-type=\"widget\" data-widget_type=\"cleenhearts-event-contact.default\">\n\t\t\t\t<div class=\"elementor-widget-container\">\n\t\t\t\t\t    <!-- Event Contact Start -->\r\n    <div class=\"sidebar-event__contact contact-one sidebar-event__item wow fadeInUp\" data-wow-duration=\"1500ms\" data-wow-delay=\"00ms\">\r\n        <div class=\"contact-one__info\">\r\n                            <div class=\"contact-one__info__item\">\r\n                    <div class=\"contact-one__info__icon\">\r\n                        <span aria-hidden=\"true\" class=\"icon-location\"><\/span>                    <\/div><!-- \/.contact-one__info__icon -->\r\n                    <div class=\"contact-one__info__content\">\r\n                        Phoenix, AZ                    <\/div><!-- \/.contact-one__info__content -->\r\n                <\/div><!-- \/.contact-one__info__item -->\r\n                            <div class=\"contact-one__info__item\">\r\n                    <div class=\"contact-one__info__icon\">\r\n                        <span aria-hidden=\"true\" class=\"far fa-paper-plane\"><\/span>                    <\/div><!-- \/.contact-one__info__icon -->\r\n                    <div class=\"contact-one__info__content\">\r\n                        contacto@labellezanosune.org                    <\/div><!-- \/.contact-one__info__content -->\r\n                <\/div><!-- \/.contact-one__info__item -->\r\n                    <\/div><!-- \/.contact-one__info -->\r\n        <div class=\"sidebar-event__contact__image\">\r\n            <img decoding=\"async\" src=\"https:\/\/labellezanosune.org\/wp-content\/uploads\/2024\/11\/taller--scaled.jpg\" alt=\"taller\" title=\"taller\" >        <\/div><!-- \/.sidebar-event__contact__image -->\r\n    <\/div><!-- \/.sidebar-event__contact -->\r\n    <!-- Event Conatct End -->\r\n\r\n\t\t\t\t<\/div>\n\t\t\t\t<\/div>\n\t\t\t\t<div class=\"elementor-element elementor-element-cdccef9 elementor-widget elementor-widget-google_maps\" data-id=\"cdccef9\" data-element_type=\"widget\" data-e-type=\"widget\" data-widget_type=\"google_maps.default\">\n\t\t\t\t<div class=\"elementor-widget-container\">\n\t\t\t\t\t\t\t<div class=\"elementor-custom-embed\">\n\t\t\t<iframe loading=\"lazy\"\n\t\t\t\t\tsrc=\"https:\/\/maps.google.com\/maps?q=Phoenix%2C%20AZ&#038;t=m&#038;z=10&#038;output=embed&#038;iwloc=near\"\n\t\t\t\t\ttitle=\"Phoenix, AZ\"\n\t\t\t\t\taria-label=\"Phoenix, AZ\"\n\t\t\t><\/iframe>\n\t\t<\/div>\n\t\t\t\t\t\t<\/div>\n\t\t\t\t<\/div>\n\t\t\t\t<\/div>\n\t\t\t\t\t<\/div>\n\t\t\t\t<\/div>\n\t\t\t\t<\/div>","protected":false},"excerpt":{"rendered":"<p>Phoenix, AZ 15Mar 4:00 PM &#8211; 9:00 PM M\u00e1s All\u00e1 del Espejo Un evento transformacional que celebra la evoluci\u00f3n de la mujer desde el amor y sostiene nuestros programas\u00a0 educativos . Incluye: Conferencista invitada, panel educativo\u00a0 Pasarela inspiracional de mujeres de los programas educacionales de transformaci\u00f3n. Historias reales de transformaci\u00f3n de mujeres que pasaron de [&hellip;]<\/p>\n","protected":false},"author":1,"featured_media":0,"parent":0,"menu_order":0,"comment_status":"closed","ping_status":"closed","template":"elementor_header_footer","meta":{"give_campaign_id":0,"footnotes":""},"class_list":["post-636","page","type-page","status-publish","hentry"],"yoast_head":"<!-- This site is optimized with the Yoast SEO plugin v27.1.1 - https:\/\/yoast.com\/product\/yoast-seo-wordpress\/ -->\n<title>M\u00e1s All\u00e1 del Espejo - La belleza nos une<\/title>\n<meta name=\"robots\" content=\"index, follow, max-snippet:-1, max-image-preview:large, max-video-preview:-1\" \/>\n<link rel=\"canonical\" href=\"https:\/\/labellezanosune.org\/en\/mas-alla-del-espejo\/\" \/>\n<meta property=\"og:locale\" content=\"en_US\" \/>\n<meta property=\"og:type\" content=\"article\" \/>\n<meta property=\"og:title\" content=\"M\u00e1s All\u00e1 del Espejo - La belleza nos une\" \/>\n<meta property=\"og:description\" content=\"Phoenix, AZ 15Mar 4:00 PM &#8211; 9:00 PM M\u00e1s All\u00e1 del Espejo Un evento transformacional que celebra la evoluci\u00f3n de la mujer desde el amor y sostiene nuestros programas\u00a0 educativos . Incluye: Conferencista invitada, panel educativo\u00a0 Pasarela inspiracional de mujeres de los programas educacionales de transformaci\u00f3n. Historias reales de transformaci\u00f3n de mujeres que pasaron de [&hellip;]\" \/>\n<meta property=\"og:url\" content=\"https:\/\/labellezanosune.org\/en\/mas-alla-del-espejo\/\" \/>\n<meta property=\"og:site_name\" content=\"La belleza nos une\" \/>\n<meta property=\"article:publisher\" content=\"https:\/\/www.facebook.com\/watch\/labellezanosune.org\/\" \/>\n<meta property=\"article:modified_time\" content=\"2026-03-14T03:51:16+00:00\" \/>\n<meta property=\"og:image\" content=\"https:\/\/labellezanosune.org\/wp-content\/uploads\/2024\/10\/pixnroses-78-scaled.jpg\" \/>\n<meta name=\"twitter:card\" content=\"summary_large_image\" \/>\n<meta name=\"twitter:label1\" content=\"Est. reading time\" \/>\n\t<meta name=\"twitter:data1\" content=\"2 minutes\" \/>\n<script type=\"application\/ld+json\" class=\"yoast-schema-graph\">{\"@context\":\"https:\/\/schema.org\",\"@graph\":[{\"@type\":\"WebPage\",\"@id\":\"https:\/\/labellezanosune.org\/mas-alla-del-espejo\/\",\"url\":\"https:\/\/labellezanosune.org\/mas-alla-del-espejo\/\",\"name\":\"M\u00e1s All\u00e1 del Espejo - La belleza nos une\",\"isPartOf\":{\"@id\":\"https:\/\/labellezanosune.org\/#website\"},\"primaryImageOfPage\":{\"@id\":\"https:\/\/labellezanosune.org\/mas-alla-del-espejo\/#primaryimage\"},\"image\":{\"@id\":\"https:\/\/labellezanosune.org\/mas-alla-del-espejo\/#primaryimage\"},\"thumbnailUrl\":\"https:\/\/labellezanosune.org\/wp-content\/uploads\/2024\/10\/pixnroses-78-scaled.jpg\",\"datePublished\":\"2023-11-15T16:33:17+00:00\",\"dateModified\":\"2026-03-14T03:51:16+00:00\",\"breadcrumb\":{\"@id\":\"https:\/\/labellezanosune.org\/mas-alla-del-espejo\/#breadcrumb\"},\"inLanguage\":\"en-US\",\"potentialAction\":[{\"@type\":\"ReadAction\",\"target\":[\"https:\/\/labellezanosune.org\/mas-alla-del-espejo\/\"]}]},{\"@type\":\"ImageObject\",\"inLanguage\":\"en-US\",\"@id\":\"https:\/\/labellezanosune.org\/mas-alla-del-espejo\/#primaryimage\",\"url\":\"https:\/\/labellezanosune.org\/wp-content\/uploads\/2024\/10\/pixnroses-78-scaled.jpg\",\"contentUrl\":\"https:\/\/labellezanosune.org\/wp-content\/uploads\/2024\/10\/pixnroses-78-scaled.jpg\"},{\"@type\":\"BreadcrumbList\",\"@id\":\"https:\/\/labellezanosune.org\/mas-alla-del-espejo\/#breadcrumb\",\"itemListElement\":[{\"@type\":\"ListItem\",\"position\":1,\"name\":\"Home\",\"item\":\"https:\/\/labellezanosune.org\/\"},{\"@type\":\"ListItem\",\"position\":2,\"name\":\"M\u00e1s All\u00e1 del Espejo\"}]},{\"@type\":\"WebSite\",\"@id\":\"https:\/\/labellezanosune.org\/#website\",\"url\":\"https:\/\/labellezanosune.org\/\",\"name\":\"La belleza nos une\",\"description\":\"\",\"publisher\":{\"@id\":\"https:\/\/labellezanosune.org\/#organization\"},\"potentialAction\":[{\"@type\":\"SearchAction\",\"target\":{\"@type\":\"EntryPoint\",\"urlTemplate\":\"https:\/\/labellezanosune.org\/?s={search_term_string}\"},\"query-input\":{\"@type\":\"PropertyValueSpecification\",\"valueRequired\":true,\"valueName\":\"search_term_string\"}}],\"inLanguage\":\"en-US\"},{\"@type\":\"Organization\",\"@id\":\"https:\/\/labellezanosune.org\/#organization\",\"name\":\"La belleza nos une\",\"url\":\"https:\/\/labellezanosune.org\/\",\"logo\":{\"@type\":\"ImageObject\",\"inLanguage\":\"en-US\",\"@id\":\"https:\/\/labellezanosune.org\/#\/schema\/logo\/image\/\",\"url\":\"https:\/\/labellezanosune.org\/wp-content\/uploads\/2023\/11\/cropped-degradado-3-1.png\",\"contentUrl\":\"https:\/\/labellezanosune.org\/wp-content\/uploads\/2023\/11\/cropped-degradado-3-1.png\",\"width\":752,\"height\":582,\"caption\":\"La belleza nos une\"},\"image\":{\"@id\":\"https:\/\/labellezanosune.org\/#\/schema\/logo\/image\/\"},\"sameAs\":[\"https:\/\/www.facebook.com\/watch\/labellezanosune.org\/\",\"https:\/\/www.instagram.com\/labellezanosune\/\"]}]}<\/script>\n<!-- \/ Yoast SEO plugin. -->","yoast_head_json":{"title":"M\u00e1s All\u00e1 del Espejo - La belleza nos une","robots":{"index":"index","follow":"follow","max-snippet":"max-snippet:-1","max-image-preview":"max-image-preview:large","max-video-preview":"max-video-preview:-1"},"canonical":"https:\/\/labellezanosune.org\/en\/mas-alla-del-espejo\/","og_locale":"en_US","og_type":"article","og_title":"M\u00e1s All\u00e1 del Espejo - La belleza nos une","og_description":"Phoenix, AZ 15Mar 4:00 PM &#8211; 9:00 PM M\u00e1s All\u00e1 del Espejo Un evento transformacional que celebra la evoluci\u00f3n de la mujer desde el amor y sostiene nuestros programas\u00a0 educativos . Incluye: Conferencista invitada, panel educativo\u00a0 Pasarela inspiracional de mujeres de los programas educacionales de transformaci\u00f3n. Historias reales de transformaci\u00f3n de mujeres que pasaron de [&hellip;]","og_url":"https:\/\/labellezanosune.org\/en\/mas-alla-del-espejo\/","og_site_name":"La belleza nos une","article_publisher":"https:\/\/www.facebook.com\/watch\/labellezanosune.org\/","article_modified_time":"2026-03-14T03:51:16+00:00","og_image":[{"url":"https:\/\/labellezanosune.org\/wp-content\/uploads\/2024\/10\/pixnroses-78-scaled.jpg","type":"","width":"","height":""}],"twitter_card":"summary_large_image","twitter_misc":{"Est. reading time":"2 minutes"},"schema":{"@context":"https:\/\/schema.org","@graph":[{"@type":"WebPage","@id":"https:\/\/labellezanosune.org\/mas-alla-del-espejo\/","url":"https:\/\/labellezanosune.org\/mas-alla-del-espejo\/","name":"M\u00e1s All\u00e1 del Espejo - La belleza nos une","isPartOf":{"@id":"https:\/\/labellezanosune.org\/#website"},"primaryImageOfPage":{"@id":"https:\/\/labellezanosune.org\/mas-alla-del-espejo\/#primaryimage"},"image":{"@id":"https:\/\/labellezanosune.org\/mas-alla-del-espejo\/#primaryimage"},"thumbnailUrl":"https:\/\/labellezanosune.org\/wp-content\/uploads\/2024\/10\/pixnroses-78-scaled.jpg","datePublished":"2023-11-15T16:33:17+00:00","dateModified":"2026-03-14T03:51:16+00:00","breadcrumb":{"@id":"https:\/\/labellezanosune.org\/mas-alla-del-espejo\/#breadcrumb"},"inLanguage":"en-US","potentialAction":[{"@type":"ReadAction","target":["https:\/\/labellezanosune.org\/mas-alla-del-espejo\/"]}]},{"@type":"ImageObject","inLanguage":"en-US","@id":"https:\/\/labellezanosune.org\/mas-alla-del-espejo\/#primaryimage","url":"https:\/\/labellezanosune.org\/wp-content\/uploads\/2024\/10\/pixnroses-78-scaled.jpg","contentUrl":"https:\/\/labellezanosune.org\/wp-content\/uploads\/2024\/10\/pixnroses-78-scaled.jpg"},{"@type":"BreadcrumbList","@id":"https:\/\/labellezanosune.org\/mas-alla-del-espejo\/#breadcrumb","itemListElement":[{"@type":"ListItem","position":1,"name":"Home","item":"https:\/\/labellezanosune.org\/"},{"@type":"ListItem","position":2,"name":"M\u00e1s All\u00e1 del Espejo"}]},{"@type":"WebSite","@id":"https:\/\/labellezanosune.org\/#website","url":"https:\/\/labellezanosune.org\/","name":"La belleza nos une","description":"","publisher":{"@id":"https:\/\/labellezanosune.org\/#organization"},"potentialAction":[{"@type":"SearchAction","target":{"@type":"EntryPoint","urlTemplate":"https:\/\/labellezanosune.org\/?s={search_term_string}"},"query-input":{"@type":"PropertyValueSpecification","valueRequired":true,"valueName":"search_term_string"}}],"inLanguage":"en-US"},{"@type":"Organization","@id":"https:\/\/labellezanosune.org\/#organization","name":"La belleza nos une","url":"https:\/\/labellezanosune.org\/","logo":{"@type":"ImageObject","inLanguage":"en-US","@id":"https:\/\/labellezanosune.org\/#\/schema\/logo\/image\/","url":"https:\/\/labellezanosune.org\/wp-content\/uploads\/2023\/11\/cropped-degradado-3-1.png","contentUrl":"https:\/\/labellezanosune.org\/wp-content\/uploads\/2023\/11\/cropped-degradado-3-1.png","width":752,"height":582,"caption":"La belleza nos une"},"image":{"@id":"https:\/\/labellezanosune.org\/#\/schema\/logo\/image\/"},"sameAs":["https:\/\/www.facebook.com\/watch\/labellezanosune.org\/","https:\/\/www.instagram.com\/labellezanosune\/"]}]}},"campaignId":"","_links":{"self":[{"href":"https:\/\/labellezanosune.org\/en\/wp-json\/wp\/v2\/pages\/636","targetHints":{"allow":["GET"]}}],"collection":[{"href":"https:\/\/labellezanosune.org\/en\/wp-json\/wp\/v2\/pages"}],"about":[{"href":"https:\/\/labellezanosune.org\/en\/wp-json\/wp\/v2\/types\/page"}],"author":[{"embeddable":true,"href":"https:\/\/labellezanosune.org\/en\/wp-json\/wp\/v2\/users\/1"}],"replies":[{"embeddable":true,"href":"https:\/\/labellezanosune.org\/en\/wp-json\/wp\/v2\/comments?post=636"}],"version-history":[{"count":9,"href":"https:\/\/labellezanosune.org\/en\/wp-json\/wp\/v2\/pages\/636\/revisions"}],"predecessor-version":[{"id":7121,"href":"https:\/\/labellezanosune.org\/en\/wp-json\/wp\/v2\/pages\/636\/revisions\/7121"}],"wp:attachment":[{"href":"https:\/\/labellezanosune.org\/en\/wp-json\/wp\/v2\/media?parent=636"}],"curies":[{"name":"wp","href":"https:\/\/api.w.org\/{rel}","templated":true}]}}