{"id":405,"date":"2023-11-15T07:19:51","date_gmt":"2023-11-15T07:19:51","guid":{"rendered":"http:\/\/cleenhearts-demo.local\/?page_id=405"},"modified":"2024-10-08T13:31:45","modified_gmt":"2024-10-08T13:31:45","slug":"contactanos","status":"publish","type":"page","link":"https:\/\/labellezanosune.org\/en\/contactanos\/","title":{"rendered":"Contact Us"},"content":{"rendered":"<div data-elementor-type=\"wp-page\" data-elementor-id=\"405\" class=\"elementor elementor-405\">\n\t\t\t\t<div class=\"elementor-element elementor-element-f13a45f e-con-full e-flex e-con e-parent\" data-id=\"f13a45f\" data-element_type=\"container\" data-e-type=\"container\">\n\t\t\t\t<div class=\"elementor-element elementor-element-15af1f7 elementor-widget elementor-widget-cleenhearts-contact-form\" data-id=\"15af1f7\" data-element_type=\"widget\" data-e-type=\"widget\" data-widget_type=\"cleenhearts-contact-form.default\">\n\t\t\t\t<div class=\"elementor-widget-container\">\n\t\t\t\t\t\r\n\t<section class=\"contact-one section-space @@extraClassName\">\r\n\t\t<div class=\"container\">\r\n\t\t\t<div class=\"row gutter-y-30\">\r\n\t\t\t\t<div class=\"col-lg-6 wow fadeInUp\" data-wow-duration=\"1500ms\" data-wow-delay=\"00ms\">\r\n\t\t\t\t\t<div class=\"contact-one__map\">\r\n\r\n\t\t\t\t\t\t<div class=\"google-map contact-one__google__map\">\r\n\t\t\t\t\t\t\t<iframe title=\"Phoenix, AZ \" src=\"https:\/\/maps.google.com\/maps?q=Phoenix%2C%20AZ%20&#038;t=m&#038;z=10&#038;output=embed&#038;iwloc=near\" aria-label=\"Phoenix, AZ \" class=\"map__contact-one__google__map\" allowfullscreen><\/iframe>\r\n\t\t\t\t\t\t<\/div>\r\n\r\n\t\t\t\t\t\t<!-- \/.google-map -->\r\n\t\t\t\t\t\t<div class=\"contact-one__info\">\r\n\t\t\t\t\t\t\t\t\t\t\t\t\t\t\t<div class=\"contact-one__info__item\">\r\n\t\t\t\t\t\t\t\t\t<div class=\"contact-one__info__icon\">\r\n\t\t\t\t\t\t\t\t\t\t<span aria-hidden=\"true\" class=\"icon-location\"><\/span>\t\t\t\t\t\t\t\t\t<\/div><!-- \/.contact-one__info__icon -->\r\n\t\t\t\t\t\t\t\t\t<div class=\"contact-one__info__content\">\r\n\t\t\t\t\t\t\t\t\t\t<h4 class=\"contact-one__info__title\">Location<\/h4>\r\n\t\t\t\t\t\t\t\t\t\tPhoenix, AZ \t\t\t\t\t\t\t\t\t<\/div><!-- \/.contact-one__info__content -->\r\n\t\t\t\t\t\t\t\t<\/div><!-- \/.contact-one__info__item -->\r\n\t\t\t\t\t\t\t\t\t\t\t\t\t\t\t<div class=\"contact-one__info__item\">\r\n\t\t\t\t\t\t\t\t\t<div class=\"contact-one__info__icon\">\r\n\t\t\t\t\t\t\t\t\t\t<span aria-hidden=\"true\" class=\"fas fa-envelope\"><\/span>\t\t\t\t\t\t\t\t\t<\/div><!-- \/.contact-one__info__icon -->\r\n\t\t\t\t\t\t\t\t\t<div class=\"contact-one__info__content\">\r\n\t\t\t\t\t\t\t\t\t\t<h4 class=\"contact-one__info__title\">Email<\/h4>\r\n\t\t\t\t\t\t\t\t\t\t<a href=\"mailto:contacto@labellezanosune.org\" class=\"contact-one__info__text contact-one__info__text--link\"> contacto@labellezanosune.org<\/a>\t\t\t\t\t\t\t\t\t<\/div><!-- \/.contact-one__info__content -->\r\n\t\t\t\t\t\t\t\t<\/div><!-- \/.contact-one__info__item -->\r\n\t\t\t\t\t\t\t\t\t\t\t\t\t<\/div><!-- \/.contact-one__info -->\r\n\t\t\t\t\t<\/div><!-- \/.contact-one__map -->\r\n\t\t\t\t<\/div><!-- \/.col-lg-6 -->\r\n\t\t\t\t<div class=\"col-lg-6 wow fadeInUp\" data-wow-duration=\"1500ms\" data-wow-delay=\"200ms\">\r\n\t\t\t\t\t<div class=\"contact-one__form\">\r\n\t\t\t\t\t\t<div class=\"contact-one__form__bg\" style=\"background-image: url(https:\/\/bracketweb.com\/cleenheartswp\/wp-content\/uploads\/2023\/11\/contact-bg-1-1.png);\"><\/div><!-- \/.contact-one__form__bg -->\r\n\t\t\t\t\t\t<h2 class=\"contact-one__title\">Contact Us<\/h2>\t\t\t\t\t\t<div class=\"contact-one__form__inner contact-form-validated form-one wow fadeInUp\" data-wow-duration=\"1500ms\">\r\n\t\t\t\t\t\t\t<div class=\"wpcf7 no-js\" id=\"wpcf7-f1839-o1\" lang=\"en-US\" dir=\"ltr\" data-wpcf7-id=\"1839\">\n<div class=\"screen-reader-response\"><p role=\"status\" aria-live=\"polite\" aria-atomic=\"true\"><\/p> <ul><\/ul><\/div>\n<form action=\"\/en\/wp-json\/wp\/v2\/pages\/405#wpcf7-f1839-o1\" method=\"post\" class=\"wpcf7-form init\" aria-label=\"Contact form\" novalidate=\"novalidate\" data-status=\"init\" data-trp-original-action=\"\/en\/wp-json\/wp\/v2\/pages\/405#wpcf7-f1839-o1\">\n<fieldset class=\"hidden-fields-container\"><input type=\"hidden\" name=\"_wpcf7\" value=\"1839\" \/><input type=\"hidden\" name=\"_wpcf7_version\" value=\"6.1.5\" \/><input type=\"hidden\" name=\"_wpcf7_locale\" value=\"en_US\" \/><input type=\"hidden\" name=\"_wpcf7_unit_tag\" value=\"wpcf7-f1839-o1\" \/><input type=\"hidden\" name=\"_wpcf7_container_post\" value=\"0\" \/><input type=\"hidden\" name=\"_wpcf7_posted_data_hash\" value=\"\" \/>\n<\/fieldset>\n<div class=\"row gutter-y-20\">\n                                    <div class=\"col-12\">\n                                        <div class=\"form-one__control\">\n<span class=\"wpcf7-form-control-wrap\" data-name=\"text-685\"><input size=\"40\" maxlength=\"400\" class=\"wpcf7-form-control wpcf7-text wpcf7-validates-as-required form-one__control__input\" id=\"name\" aria-required=\"true\" aria-invalid=\"false\" placeholder=\"Full Name\" value=\"\" type=\"text\" name=\"text-685\" \/><\/span>\n                                        <\/div><!-- \/.form-one__control -->\n                                    <\/div><!-- \/.col-12 -->\n                                    <div class=\"col-12\">\n                                        <div class=\"form-one__control\">\n<span class=\"wpcf7-form-control-wrap\" data-name=\"text-686\"><input size=\"40\" maxlength=\"400\" class=\"wpcf7-form-control wpcf7-text wpcf7-validates-as-required form-one__control__input\" id=\"youremail\" aria-required=\"true\" aria-invalid=\"false\" placeholder=\"Email\" value=\"\" type=\"text\" name=\"text-686\" \/><\/span>\n                                        <\/div><!-- \/.form-one__control -->\n                                    <\/div><!-- \/.col-12 -->\n                                    <div class=\"col-12\">\n                                        <div class=\"form-one__control\">\n<span class=\"wpcf7-form-control-wrap\" data-name=\"tel-631\"><input size=\"40\" maxlength=\"400\" class=\"wpcf7-form-control wpcf7-tel wpcf7-validates-as-required wpcf7-text wpcf7-validates-as-tel form-one__control__input\" id=\"phoneno\" aria-required=\"true\" aria-invalid=\"false\" placeholder=\"Phone number ex: +1 (555) 555-1234\" value=\"\" type=\"tel\" name=\"tel-631\" \/><\/span>\n                                        <\/div><!-- \/.form-one__control -->\n                                    <\/div><!-- \/.col-12 -->\n                                    <div class=\"col-12\">\n                                        <div class=\"form-one__control\">\n<span class=\"wpcf7-form-control-wrap\" data-name=\"text-964\"><input size=\"40\" maxlength=\"400\" class=\"wpcf7-form-control wpcf7-text wpcf7-validates-as-required form-one__control__input cleenhearts-datepicker\" aria-required=\"true\" aria-invalid=\"false\" placeholder=\"Date\" value=\"\" type=\"text\" name=\"text-964\" \/><\/span>\n                                        <\/div><!-- \/.form-one__control -->\n                                    <\/div><!-- \/.col-12 -->\n                                    <div class=\"col-12\">\n                                        <div class=\"form-one__control\">\n<span class=\"wpcf7-form-control-wrap\" data-name=\"textarea-316\"><textarea cols=\"40\" rows=\"10\" maxlength=\"2000\" class=\"wpcf7-form-control wpcf7-textarea wpcf7-validates-as-required form-one__control__input form-one__control__message\" id=\"message\" aria-required=\"true\" aria-invalid=\"false\" name=\"textarea-316\">D\u00e9janos un mensaje ...<\/textarea><\/span>\n                                        <\/div><!-- \/.form-one__control -->\n                                    <\/div><!-- \/.col-12 -->\n                                    <div class=\"col-12\">\n                                        <div class=\"contact-one__btn-box form-one__control\">\n                                            <button type=\"submit\" class=\"cleenhearts-btn @@extraClassNameBtn\">\n                                                <span class=\"cleenhearts-btn__icon-box\">\n                                                    <span class=\"cleenhearts-btn__icon-box__inner\"><span class=\"icon-duble-arrow\"><\/span><\/span>\n                                                <\/span>\n                                                <span class=\"cleenhearts-btn__text\">send message<\/span>\n                                            <\/button>\n                                        <\/div><!-- \/.form-one__control -->\n                                    <\/div><!-- \/.col-12 -->\n                                <\/div><!-- \/.row --><div class=\"wpcf7-response-output\" aria-hidden=\"true\"><\/div>\n<input type=\"hidden\" name=\"trp-form-language\" value=\"en\"\/><\/form>\n<\/div>\t\t\t\t\t\t<\/div><!-- \/.contact-one__form__inner -->\r\n\t\t\t\t\t<\/div><!-- \/.contact-one__form -->\r\n\t\t\t\t<\/div><!-- \/.col-lg-6 -->\r\n\t\t\t<\/div><!-- \/.row -->\r\n\t\t<\/div><!-- \/.container -->\r\n\t<\/section><!-- \/.contact-one -->\r\n\r\n\t\t\t\t<\/div>\n\t\t\t\t<\/div>\n\t\t\t\t<\/div>\n\t\t\t\t<\/div>","protected":false},"excerpt":{"rendered":"<p>Direcci\u00f3n Phoenix, AZ Correo Electr\u00f3nico contacto@labellezanosune.org Cont\u00e1ctanos D\u00e9janos un mensaje &#8230; enviar mensaje<\/p>","protected":false},"author":1,"featured_media":0,"parent":0,"menu_order":0,"comment_status":"closed","ping_status":"closed","template":"elementor_header_footer","meta":{"give_campaign_id":0,"footnotes":""},"class_list":["post-405","page","type-page","status-publish","hentry"],"yoast_head":"<!-- This site is optimized with the Yoast SEO plugin v27.1.1 - https:\/\/yoast.com\/product\/yoast-seo-wordpress\/ -->\n<title>Cont\u00e1ctanos - La belleza nos une<\/title>\n<meta name=\"robots\" content=\"index, follow, max-snippet:-1, max-image-preview:large, max-video-preview:-1\" \/>\n<link rel=\"canonical\" href=\"https:\/\/labellezanosune.org\/en\/contactanos\/\" \/>\n<meta property=\"og:locale\" content=\"en_US\" \/>\n<meta property=\"og:type\" content=\"article\" \/>\n<meta property=\"og:title\" content=\"Cont\u00e1ctanos - La belleza nos une\" \/>\n<meta property=\"og:description\" content=\"Direcci\u00f3n Phoenix, AZ Correo Electr\u00f3nico contacto@labellezanosune.org Cont\u00e1ctanos D\u00e9janos un mensaje &#8230; enviar mensaje\" \/>\n<meta property=\"og:url\" content=\"https:\/\/labellezanosune.org\/en\/contactanos\/\" \/>\n<meta property=\"og:site_name\" content=\"La belleza nos une\" \/>\n<meta property=\"article:publisher\" content=\"https:\/\/www.facebook.com\/watch\/labellezanosune.org\/\" \/>\n<meta property=\"article:modified_time\" content=\"2024-10-08T13:31:45+00:00\" \/>\n<meta name=\"twitter:card\" content=\"summary_large_image\" \/>\n<script type=\"application\/ld+json\" class=\"yoast-schema-graph\">{\"@context\":\"https:\/\/schema.org\",\"@graph\":[{\"@type\":\"WebPage\",\"@id\":\"https:\/\/labellezanosune.org\/contactanos\/\",\"url\":\"https:\/\/labellezanosune.org\/contactanos\/\",\"name\":\"Cont\u00e1ctanos - La belleza nos une\",\"isPartOf\":{\"@id\":\"https:\/\/labellezanosune.org\/#website\"},\"datePublished\":\"2023-11-15T07:19:51+00:00\",\"dateModified\":\"2024-10-08T13:31:45+00:00\",\"breadcrumb\":{\"@id\":\"https:\/\/labellezanosune.org\/contactanos\/#breadcrumb\"},\"inLanguage\":\"en-US\",\"potentialAction\":[{\"@type\":\"ReadAction\",\"target\":[\"https:\/\/labellezanosune.org\/contactanos\/\"]}]},{\"@type\":\"BreadcrumbList\",\"@id\":\"https:\/\/labellezanosune.org\/contactanos\/#breadcrumb\",\"itemListElement\":[{\"@type\":\"ListItem\",\"position\":1,\"name\":\"Home\",\"item\":\"https:\/\/labellezanosune.org\/\"},{\"@type\":\"ListItem\",\"position\":2,\"name\":\"Cont\u00e1ctanos\"}]},{\"@type\":\"WebSite\",\"@id\":\"https:\/\/labellezanosune.org\/#website\",\"url\":\"https:\/\/labellezanosune.org\/\",\"name\":\"La belleza nos une\",\"description\":\"\",\"publisher\":{\"@id\":\"https:\/\/labellezanosune.org\/#organization\"},\"potentialAction\":[{\"@type\":\"SearchAction\",\"target\":{\"@type\":\"EntryPoint\",\"urlTemplate\":\"https:\/\/labellezanosune.org\/?s={search_term_string}\"},\"query-input\":{\"@type\":\"PropertyValueSpecification\",\"valueRequired\":true,\"valueName\":\"search_term_string\"}}],\"inLanguage\":\"en-US\"},{\"@type\":\"Organization\",\"@id\":\"https:\/\/labellezanosune.org\/#organization\",\"name\":\"La belleza nos une\",\"url\":\"https:\/\/labellezanosune.org\/\",\"logo\":{\"@type\":\"ImageObject\",\"inLanguage\":\"en-US\",\"@id\":\"https:\/\/labellezanosune.org\/#\/schema\/logo\/image\/\",\"url\":\"https:\/\/labellezanosune.org\/wp-content\/uploads\/2023\/11\/cropped-degradado-3-1.png\",\"contentUrl\":\"https:\/\/labellezanosune.org\/wp-content\/uploads\/2023\/11\/cropped-degradado-3-1.png\",\"width\":752,\"height\":582,\"caption\":\"La belleza nos une\"},\"image\":{\"@id\":\"https:\/\/labellezanosune.org\/#\/schema\/logo\/image\/\"},\"sameAs\":[\"https:\/\/www.facebook.com\/watch\/labellezanosune.org\/\",\"https:\/\/www.instagram.com\/labellezanosune\/\"]}]}<\/script>\n<!-- \/ Yoast SEO plugin. -->","yoast_head_json":{"title":"Cont\u00e1ctanos - La belleza nos une","robots":{"index":"index","follow":"follow","max-snippet":"max-snippet:-1","max-image-preview":"max-image-preview:large","max-video-preview":"max-video-preview:-1"},"canonical":"https:\/\/labellezanosune.org\/en\/contactanos\/","og_locale":"en_US","og_type":"article","og_title":"Cont\u00e1ctanos - La belleza nos une","og_description":"Direcci\u00f3n Phoenix, AZ Correo Electr\u00f3nico contacto@labellezanosune.org Cont\u00e1ctanos D\u00e9janos un mensaje &#8230; enviar mensaje","og_url":"https:\/\/labellezanosune.org\/en\/contactanos\/","og_site_name":"La belleza nos une","article_publisher":"https:\/\/www.facebook.com\/watch\/labellezanosune.org\/","article_modified_time":"2024-10-08T13:31:45+00:00","twitter_card":"summary_large_image","schema":{"@context":"https:\/\/schema.org","@graph":[{"@type":"WebPage","@id":"https:\/\/labellezanosune.org\/contactanos\/","url":"https:\/\/labellezanosune.org\/contactanos\/","name":"Cont\u00e1ctanos - La belleza nos une","isPartOf":{"@id":"https:\/\/labellezanosune.org\/#website"},"datePublished":"2023-11-15T07:19:51+00:00","dateModified":"2024-10-08T13:31:45+00:00","breadcrumb":{"@id":"https:\/\/labellezanosune.org\/contactanos\/#breadcrumb"},"inLanguage":"en-US","potentialAction":[{"@type":"ReadAction","target":["https:\/\/labellezanosune.org\/contactanos\/"]}]},{"@type":"BreadcrumbList","@id":"https:\/\/labellezanosune.org\/contactanos\/#breadcrumb","itemListElement":[{"@type":"ListItem","position":1,"name":"Home","item":"https:\/\/labellezanosune.org\/"},{"@type":"ListItem","position":2,"name":"Cont\u00e1ctanos"}]},{"@type":"WebSite","@id":"https:\/\/labellezanosune.org\/#website","url":"https:\/\/labellezanosune.org\/","name":"La belleza nos une","description":"","publisher":{"@id":"https:\/\/labellezanosune.org\/#organization"},"potentialAction":[{"@type":"SearchAction","target":{"@type":"EntryPoint","urlTemplate":"https:\/\/labellezanosune.org\/?s={search_term_string}"},"query-input":{"@type":"PropertyValueSpecification","valueRequired":true,"valueName":"search_term_string"}}],"inLanguage":"en-US"},{"@type":"Organization","@id":"https:\/\/labellezanosune.org\/#organization","name":"La belleza nos une","url":"https:\/\/labellezanosune.org\/","logo":{"@type":"ImageObject","inLanguage":"en-US","@id":"https:\/\/labellezanosune.org\/#\/schema\/logo\/image\/","url":"https:\/\/labellezanosune.org\/wp-content\/uploads\/2023\/11\/cropped-degradado-3-1.png","contentUrl":"https:\/\/labellezanosune.org\/wp-content\/uploads\/2023\/11\/cropped-degradado-3-1.png","width":752,"height":582,"caption":"La belleza nos une"},"image":{"@id":"https:\/\/labellezanosune.org\/#\/schema\/logo\/image\/"},"sameAs":["https:\/\/www.facebook.com\/watch\/labellezanosune.org\/","https:\/\/www.instagram.com\/labellezanosune\/"]}]}},"campaignId":"","_links":{"self":[{"href":"https:\/\/labellezanosune.org\/en\/wp-json\/wp\/v2\/pages\/405","targetHints":{"allow":["GET"]}}],"collection":[{"href":"https:\/\/labellezanosune.org\/en\/wp-json\/wp\/v2\/pages"}],"about":[{"href":"https:\/\/labellezanosune.org\/en\/wp-json\/wp\/v2\/types\/page"}],"author":[{"embeddable":true,"href":"https:\/\/labellezanosune.org\/en\/wp-json\/wp\/v2\/users\/1"}],"replies":[{"embeddable":true,"href":"https:\/\/labellezanosune.org\/en\/wp-json\/wp\/v2\/comments?post=405"}],"version-history":[{"count":19,"href":"https:\/\/labellezanosune.org\/en\/wp-json\/wp\/v2\/pages\/405\/revisions"}],"predecessor-version":[{"id":5769,"href":"https:\/\/labellezanosune.org\/en\/wp-json\/wp\/v2\/pages\/405\/revisions\/5769"}],"wp:attachment":[{"href":"https:\/\/labellezanosune.org\/en\/wp-json\/wp\/v2\/media?parent=405"}],"curies":[{"name":"wp","href":"https:\/\/api.w.org\/{rel}","templated":true}]}}